{"id":40,"date":"2024-03-14T20:45:46","date_gmt":"2024-03-14T20:45:46","guid":{"rendered":"https:\/\/lodolamaczskce.pl\/?page_id=40"},"modified":"2026-03-26T19:54:50","modified_gmt":"2026-03-26T19:54:50","slug":"glowna","status":"publish","type":"page","link":"https:\/\/lodolamaczskce.pl\/","title":{"rendered":"Strona G\u0142\u00f3wna"},"content":{"rendered":"\t\t<div data-elementor-type=\"wp-page\" data-elementor-id=\"40\" class=\"elementor elementor-40\">\n\t\t\t\t<div class=\"elementor-element elementor-element-3c52be6 e-con-full e-flex e-con e-parent\" data-id=\"3c52be6\" data-element_type=\"container\" data-core-v316-plus=\"true\">\n\t\t\t\t<div class=\"elementor-element elementor-element-91d3602 elementor-widget elementor-widget-spacer\" data-id=\"91d3602\" data-element_type=\"widget\" data-widget_type=\"spacer.default\">\n\t\t\t\t<div class=\"elementor-widget-container\">\n\t\t\t<style>\/*! elementor - v3.20.0 - 13-03-2024 *\/\n.elementor-column .elementor-spacer-inner{height:var(--spacer-size)}.e-con{--container-widget-width:100%}.e-con-inner>.elementor-widget-spacer,.e-con>.elementor-widget-spacer{width:var(--container-widget-width,var(--spacer-size));--align-self:var(--container-widget-align-self,initial);--flex-shrink:0}.e-con-inner>.elementor-widget-spacer>.elementor-widget-container,.e-con>.elementor-widget-spacer>.elementor-widget-container{height:100%;width:100%}.e-con-inner>.elementor-widget-spacer>.elementor-widget-container>.elementor-spacer,.e-con>.elementor-widget-spacer>.elementor-widget-container>.elementor-spacer{height:100%}.e-con-inner>.elementor-widget-spacer>.elementor-widget-container>.elementor-spacer>.elementor-spacer-inner,.e-con>.elementor-widget-spacer>.elementor-widget-container>.elementor-spacer>.elementor-spacer-inner{height:var(--container-widget-height,var(--spacer-size))}.e-con-inner>.elementor-widget-spacer.elementor-widget-empty,.e-con>.elementor-widget-spacer.elementor-widget-empty{position:relative;min-height:22px;min-width:22px}.e-con-inner>.elementor-widget-spacer.elementor-widget-empty .elementor-widget-empty-icon,.e-con>.elementor-widget-spacer.elementor-widget-empty .elementor-widget-empty-icon{position:absolute;top:0;bottom:0;left:0;right:0;margin:auto;padding:0;width:22px;height:22px}<\/style>\t\t<div class=\"elementor-spacer\">\n\t\t\t<div class=\"elementor-spacer-inner\"><\/div>\n\t\t<\/div>\n\t\t\t\t<\/div>\n\t\t\t\t<\/div>\n\t\t\t\t<div class=\"elementor-element elementor-element-da43d38 elementor-widget elementor-widget-heading\" data-id=\"da43d38\" data-element_type=\"widget\" data-widget_type=\"heading.default\">\n\t\t\t\t<div class=\"elementor-widget-container\">\n\t\t\t<style>\/*! elementor - v3.20.0 - 13-03-2024 *\/\n.elementor-heading-title{padding:0;margin:0;line-height:1}.elementor-widget-heading .elementor-heading-title[class*=elementor-size-]>a{color:inherit;font-size:inherit;line-height:inherit}.elementor-widget-heading .elementor-heading-title.elementor-size-small{font-size:15px}.elementor-widget-heading .elementor-heading-title.elementor-size-medium{font-size:19px}.elementor-widget-heading .elementor-heading-title.elementor-size-large{font-size:29px}.elementor-widget-heading .elementor-heading-title.elementor-size-xl{font-size:39px}.elementor-widget-heading .elementor-heading-title.elementor-size-xxl{font-size:59px}<\/style><h2 class=\"elementor-heading-title elementor-size-default\">Foczki i Morsy Skierniewickiego Klubu Morsa LODO\u0141AMACZ witaj\u0105 na swojej stronie!<\/h2>\t\t<\/div>\n\t\t\t\t<\/div>\n\t\t<div class=\"elementor-element elementor-element-0ce77dd e-con-full e-flex e-con e-child\" data-id=\"0ce77dd\" data-element_type=\"container\">\n\t\t\t\t<div class=\"elementor-element elementor-element-dc47698 elementor-widget__width-initial elementor-widget elementor-widget-text-editor\" data-id=\"dc47698\" data-element_type=\"widget\" data-widget_type=\"text-editor.default\">\n\t\t\t\t<div class=\"elementor-widget-container\">\n\t\t\t<style>\/*! elementor - v3.20.0 - 13-03-2024 *\/\n.elementor-widget-text-editor.elementor-drop-cap-view-stacked .elementor-drop-cap{background-color:#69727d;color:#fff}.elementor-widget-text-editor.elementor-drop-cap-view-framed .elementor-drop-cap{color:#69727d;border:3px solid;background-color:transparent}.elementor-widget-text-editor:not(.elementor-drop-cap-view-default) .elementor-drop-cap{margin-top:8px}.elementor-widget-text-editor:not(.elementor-drop-cap-view-default) .elementor-drop-cap-letter{width:1em;height:1em}.elementor-widget-text-editor .elementor-drop-cap{float:left;text-align:center;line-height:1;font-size:50px}.elementor-widget-text-editor .elementor-drop-cap-letter{display:inline-block}<\/style>\t\t\t\t<h4 style=\"text-align: center;\"><span style=\"color: #000080;\">HEJKA MORSIAKI! \ud83d\ude42 mro\u017ana zima za nami, Wiosna przywitana! ALE woda w Rawce ci\u0105gle zimna! \ud83d\ude00<\/span><\/h4><h5 style=\"text-align: center;\"><span style=\"color: #000080;\">Najbli\u017cszy Morsing: 2<strong>8<\/strong><\/span><strong><span style=\"color: #000080;\">\u00a0MAR 2026 (sobota),<\/span><\/strong><strong><span style=\"color: #000080;\">\u00a0<\/span><\/strong><strong style=\"font-size: 1.16667rem; font-style: inherit;\"><span style=\"color: #000080;\">Kamion, godz. 14.30, do wody o 15.00<\/span><\/strong><span style=\"font-size: 1.16667rem; font-style: inherit; color: #003300;\">\u00a0<\/span><\/h5><h4 style=\"text-align: center;\"><span style=\"color: #800000;\">&#8211; Morsing Wielkanocny &#8211; ZAPRASZAMY!<\/span><\/h4>\t\t\t\t\t\t<\/div>\n\t\t\t\t<\/div>\n\t\t\t\t<\/div>\n\t\t<div class=\"elementor-element elementor-element-79fb990 e-con-full e-flex e-con e-child\" data-id=\"79fb990\" data-element_type=\"container\">\n\t\t\t\t<div class=\"elementor-element elementor-element-f67ac72 elementor-widget__width-initial elementor-widget elementor-widget-image\" data-id=\"f67ac72\" data-element_type=\"widget\" data-widget_type=\"image.default\">\n\t\t\t\t<div class=\"elementor-widget-container\">\n\t\t\t<style>\/*! elementor - v3.20.0 - 13-03-2024 *\/\n.elementor-widget-image{text-align:center}.elementor-widget-image a{display:inline-block}.elementor-widget-image a img[src$=\".svg\"]{width:48px}.elementor-widget-image img{vertical-align:middle;display:inline-block}<\/style>\t\t\t\t\t\t\t\t\t\t<img fetchpriority=\"high\" decoding=\"async\" width=\"1024\" height=\"496\" src=\"https:\/\/lodolamaczskce.pl\/wp-content\/uploads\/2026\/02\/morsing14LUT26_ZdjNaStr-2-1-1024x496.jpeg\" class=\"attachment-large size-large wp-image-1288\" alt=\"\" srcset=\"https:\/\/lodolamaczskce.pl\/wp-content\/uploads\/2026\/02\/morsing14LUT26_ZdjNaStr-2-1-1024x496.jpeg 1024w, https:\/\/lodolamaczskce.pl\/wp-content\/uploads\/2026\/02\/morsing14LUT26_ZdjNaStr-2-1-300x145.jpeg 300w, https:\/\/lodolamaczskce.pl\/wp-content\/uploads\/2026\/02\/morsing14LUT26_ZdjNaStr-2-1-768x372.jpeg 768w, https:\/\/lodolamaczskce.pl\/wp-content\/uploads\/2026\/02\/morsing14LUT26_ZdjNaStr-2-1-1536x745.jpeg 1536w, https:\/\/lodolamaczskce.pl\/wp-content\/uploads\/2026\/02\/morsing14LUT26_ZdjNaStr-2-1.jpeg 1939w\" sizes=\"(max-width: 1024px) 100vw, 1024px\" \/>\t\t\t\t\t\t\t\t\t\t\t\t\t<\/div>\n\t\t\t\t<\/div>\n\t\t\t\t<div class=\"elementor-element elementor-element-f886ea1 elementor-widget__width-initial elementor-widget elementor-widget-image\" data-id=\"f886ea1\" data-element_type=\"widget\" data-widget_type=\"image.default\">\n\t\t\t\t<div class=\"elementor-widget-container\">\n\t\t\t\t\t\t\t\t\t\t\t\t\t<img decoding=\"async\" width=\"2048\" height=\"1536\" src=\"https:\/\/lodolamaczskce.pl\/wp-content\/uploads\/2026\/02\/IMG_7559.jpeg\" class=\"attachment-full size-full wp-image-1256\" alt=\"\" srcset=\"https:\/\/lodolamaczskce.pl\/wp-content\/uploads\/2026\/02\/IMG_7559.jpeg 2048w, https:\/\/lodolamaczskce.pl\/wp-content\/uploads\/2026\/02\/IMG_7559-300x225.jpeg 300w, https:\/\/lodolamaczskce.pl\/wp-content\/uploads\/2026\/02\/IMG_7559-1024x768.jpeg 1024w, https:\/\/lodolamaczskce.pl\/wp-content\/uploads\/2026\/02\/IMG_7559-768x576.jpeg 768w, https:\/\/lodolamaczskce.pl\/wp-content\/uploads\/2026\/02\/IMG_7559-1536x1152.jpeg 1536w\" sizes=\"(max-width: 2048px) 100vw, 2048px\" \/>\t\t\t\t\t\t\t\t\t\t\t\t\t<\/div>\n\t\t\t\t<\/div>\n\t\t\t\t<\/div>\n\t\t<div class=\"elementor-element elementor-element-c98c225 e-con-full e-flex e-con e-child\" data-id=\"c98c225\" data-element_type=\"container\">\n\t\t\t\t<div class=\"elementor-element elementor-element-760164c elementor-widget__width-initial elementor-widget elementor-widget-image\" data-id=\"760164c\" data-element_type=\"widget\" data-widget_type=\"image.default\">\n\t\t\t\t<div class=\"elementor-widget-container\">\n\t\t\t\t\t\t\t\t\t\t\t\t\t<img decoding=\"async\" width=\"1024\" height=\"610\" src=\"https:\/\/lodolamaczskce.pl\/wp-content\/uploads\/2026\/02\/morsing14LUT26_ZdjNaStr-1-1024x610.jpeg\" class=\"attachment-large size-large wp-image-1287\" alt=\"\" srcset=\"https:\/\/lodolamaczskce.pl\/wp-content\/uploads\/2026\/02\/morsing14LUT26_ZdjNaStr-1-1024x610.jpeg 1024w, https:\/\/lodolamaczskce.pl\/wp-content\/uploads\/2026\/02\/morsing14LUT26_ZdjNaStr-1-300x179.jpeg 300w, https:\/\/lodolamaczskce.pl\/wp-content\/uploads\/2026\/02\/morsing14LUT26_ZdjNaStr-1-768x457.jpeg 768w, https:\/\/lodolamaczskce.pl\/wp-content\/uploads\/2026\/02\/morsing14LUT26_ZdjNaStr-1-1536x915.jpeg 1536w, https:\/\/lodolamaczskce.pl\/wp-content\/uploads\/2026\/02\/morsing14LUT26_ZdjNaStr-1.jpeg 1881w\" sizes=\"(max-width: 1024px) 100vw, 1024px\" \/>\t\t\t\t\t\t\t\t\t\t\t\t\t<\/div>\n\t\t\t\t<\/div>\n\t\t\t\t<div class=\"elementor-element elementor-element-a376776 elementor-widget__width-initial elementor-widget elementor-widget-image\" data-id=\"a376776\" data-element_type=\"widget\" data-widget_type=\"image.default\">\n\t\t\t\t<div class=\"elementor-widget-container\">\n\t\t\t\t\t\t\t\t\t\t\t\t\t<img loading=\"lazy\" decoding=\"async\" width=\"2048\" height=\"1206\" src=\"https:\/\/lodolamaczskce.pl\/wp-content\/uploads\/2026\/02\/morsing21LUT26.jpeg\" class=\"attachment-full size-full wp-image-1284\" alt=\"\" srcset=\"https:\/\/lodolamaczskce.pl\/wp-content\/uploads\/2026\/02\/morsing21LUT26.jpeg 2048w, https:\/\/lodolamaczskce.pl\/wp-content\/uploads\/2026\/02\/morsing21LUT26-300x177.jpeg 300w, https:\/\/lodolamaczskce.pl\/wp-content\/uploads\/2026\/02\/morsing21LUT26-1024x603.jpeg 1024w, https:\/\/lodolamaczskce.pl\/wp-content\/uploads\/2026\/02\/morsing21LUT26-768x452.jpeg 768w, https:\/\/lodolamaczskce.pl\/wp-content\/uploads\/2026\/02\/morsing21LUT26-1536x905.jpeg 1536w\" sizes=\"(max-width: 2048px) 100vw, 2048px\" \/>\t\t\t\t\t\t\t\t\t\t\t\t\t<\/div>\n\t\t\t\t<\/div>\n\t\t\t\t<\/div>\n\t\t<div class=\"elementor-element elementor-element-9d46f04 e-con-full e-flex e-con e-child\" data-id=\"9d46f04\" data-element_type=\"container\">\n\t\t\t\t<div class=\"elementor-element elementor-element-f08fcf7 elementor-widget__width-initial elementor-widget elementor-widget-image\" data-id=\"f08fcf7\" data-element_type=\"widget\" data-widget_type=\"image.default\">\n\t\t\t\t<div class=\"elementor-widget-container\">\n\t\t\t\t\t\t\t\t\t\t\t\t\t<img loading=\"lazy\" decoding=\"async\" width=\"1024\" height=\"579\" src=\"https:\/\/lodolamaczskce.pl\/wp-content\/uploads\/2026\/02\/morsing14LUT26_ZdjNaStr-1024x579.jpeg\" class=\"attachment-large size-large wp-image-1289\" alt=\"\" srcset=\"https:\/\/lodolamaczskce.pl\/wp-content\/uploads\/2026\/02\/morsing14LUT26_ZdjNaStr-1024x579.jpeg 1024w, https:\/\/lodolamaczskce.pl\/wp-content\/uploads\/2026\/02\/morsing14LUT26_ZdjNaStr-300x170.jpeg 300w, https:\/\/lodolamaczskce.pl\/wp-content\/uploads\/2026\/02\/morsing14LUT26_ZdjNaStr-768x434.jpeg 768w, https:\/\/lodolamaczskce.pl\/wp-content\/uploads\/2026\/02\/morsing14LUT26_ZdjNaStr.jpeg 1347w\" sizes=\"(max-width: 1024px) 100vw, 1024px\" \/>\t\t\t\t\t\t\t\t\t\t\t\t\t<\/div>\n\t\t\t\t<\/div>\n\t\t\t\t<div class=\"elementor-element elementor-element-31cfc7c elementor-widget__width-initial elementor-widget elementor-widget-image\" data-id=\"31cfc7c\" data-element_type=\"widget\" data-widget_type=\"image.default\">\n\t\t\t\t<div class=\"elementor-widget-container\">\n\t\t\t\t\t\t\t\t\t\t\t\t\t<img loading=\"lazy\" decoding=\"async\" width=\"1881\" height=\"1120\" src=\"https:\/\/lodolamaczskce.pl\/wp-content\/uploads\/2026\/02\/morsing14LUT26_ZdjNaStr-1.jpeg\" class=\"attachment-full size-full wp-image-1287\" alt=\"\" srcset=\"https:\/\/lodolamaczskce.pl\/wp-content\/uploads\/2026\/02\/morsing14LUT26_ZdjNaStr-1.jpeg 1881w, https:\/\/lodolamaczskce.pl\/wp-content\/uploads\/2026\/02\/morsing14LUT26_ZdjNaStr-1-300x179.jpeg 300w, https:\/\/lodolamaczskce.pl\/wp-content\/uploads\/2026\/02\/morsing14LUT26_ZdjNaStr-1-1024x610.jpeg 1024w, https:\/\/lodolamaczskce.pl\/wp-content\/uploads\/2026\/02\/morsing14LUT26_ZdjNaStr-1-768x457.jpeg 768w, https:\/\/lodolamaczskce.pl\/wp-content\/uploads\/2026\/02\/morsing14LUT26_ZdjNaStr-1-1536x915.jpeg 1536w\" sizes=\"(max-width: 1881px) 100vw, 1881px\" \/>\t\t\t\t\t\t\t\t\t\t\t\t\t<\/div>\n\t\t\t\t<\/div>\n\t\t\t\t<\/div>\n\t\t<div class=\"elementor-element elementor-element-44b06da e-con-full e-flex e-con e-child\" data-id=\"44b06da\" data-element_type=\"container\">\n\t\t\t\t<div class=\"elementor-element elementor-element-8eb7fb6 elementor-widget__width-initial elementor-widget elementor-widget-image\" data-id=\"8eb7fb6\" data-element_type=\"widget\" data-widget_type=\"image.default\">\n\t\t\t\t<div class=\"elementor-widget-container\">\n\t\t\t\t\t\t\t\t\t\t\t\t\t<img loading=\"lazy\" decoding=\"async\" width=\"1024\" height=\"768\" src=\"https:\/\/lodolamaczskce.pl\/wp-content\/uploads\/2026\/02\/IMG_7550_1-1024x768.jpg\" class=\"attachment-large size-large wp-image-1261\" alt=\"\" srcset=\"https:\/\/lodolamaczskce.pl\/wp-content\/uploads\/2026\/02\/IMG_7550_1-1024x768.jpg 1024w, https:\/\/lodolamaczskce.pl\/wp-content\/uploads\/2026\/02\/IMG_7550_1-300x225.jpg 300w, https:\/\/lodolamaczskce.pl\/wp-content\/uploads\/2026\/02\/IMG_7550_1-768x576.jpg 768w, https:\/\/lodolamaczskce.pl\/wp-content\/uploads\/2026\/02\/IMG_7550_1-1536x1152.jpg 1536w, https:\/\/lodolamaczskce.pl\/wp-content\/uploads\/2026\/02\/IMG_7550_1-2048x1536.jpg 2048w\" sizes=\"(max-width: 1024px) 100vw, 1024px\" \/>\t\t\t\t\t\t\t\t\t\t\t\t\t<\/div>\n\t\t\t\t<\/div>\n\t\t\t\t<div class=\"elementor-element elementor-element-c12a2ef elementor-widget__width-initial elementor-widget elementor-widget-image\" data-id=\"c12a2ef\" data-element_type=\"widget\" data-widget_type=\"image.default\">\n\t\t\t\t<div class=\"elementor-widget-container\">\n\t\t\t\t\t\t\t\t\t\t\t\t\t<img loading=\"lazy\" decoding=\"async\" width=\"895\" height=\"551\" src=\"https:\/\/lodolamaczskce.pl\/wp-content\/uploads\/2026\/01\/mors1STY26zdj-2.jpeg\" class=\"attachment-full size-full wp-image-1215\" alt=\"\" srcset=\"https:\/\/lodolamaczskce.pl\/wp-content\/uploads\/2026\/01\/mors1STY26zdj-2.jpeg 895w, https:\/\/lodolamaczskce.pl\/wp-content\/uploads\/2026\/01\/mors1STY26zdj-2-300x185.jpeg 300w, https:\/\/lodolamaczskce.pl\/wp-content\/uploads\/2026\/01\/mors1STY26zdj-2-768x473.jpeg 768w\" sizes=\"(max-width: 895px) 100vw, 895px\" \/>\t\t\t\t\t\t\t\t\t\t\t\t\t<\/div>\n\t\t\t\t<\/div>\n\t\t\t\t<\/div>\n\t\t\t\t<\/div>\n\t\t<div class=\"elementor-element elementor-element-9c86805 e-flex e-con-boxed e-con e-parent\" data-id=\"9c86805\" data-element_type=\"container\" data-core-v316-plus=\"true\">\n\t\t\t\t\t<div class=\"e-con-inner\">\n\t\t\t\t<div class=\"elementor-element elementor-element-5d25841 elementor-widget elementor-widget-text-editor\" data-id=\"5d25841\" data-element_type=\"widget\" data-widget_type=\"text-editor.default\">\n\t\t\t\t<div class=\"elementor-widget-container\">\n\t\t\t\t\t\t\t<p style=\"text-align: center;\"><span style=\"color: #000080;\">XVI SEZON MORSOWY LODO\u0141AMACZA! WYBIERAMY SI\u0118 NA &#8220;BIEGUN ZIMNA&#8221; W REPUBLICE \u015aCIBORSKIEJ, PLANUJEMY TE\u017b UDZIA\u0141 W ZLOTACH MORS\u00d3W &#8211; np. w PRZYKONIE (stycze\u0144) SZCZEG\u00d3\u0141Y &#8211; NA MORSINGACH &#8211; WI\u0118C PRZYCHOD\u0179 SYSTEMATYCZNIE &#8211;\u00a0 WTEDY NIC CI\u0118 NIE OMINIE \ud83d\ude42 DO ZMORSACZENIA!<\/span><\/p>\t\t\t\t\t\t<\/div>\n\t\t\t\t<\/div>\n\t\t\t\t\t<\/div>\n\t\t\t\t<\/div>\n\t\t\t\t<\/div>\n\t\t","protected":false},"excerpt":{"rendered":"<p>Foczki i Morsy Skierniewickiego Klubu Morsa LODO\u0141AMACZ witaj\u0105 na swojej stronie! HEJKA MORSIAKI! \ud83d\ude42 mro\u017ana zima za nami, Wiosna przywitana! [&hellip;]<\/p>\n","protected":false},"author":1,"featured_media":0,"parent":0,"menu_order":0,"comment_status":"closed","ping_status":"closed","template":"","meta":{"site-sidebar-layout":"no-sidebar","site-content-layout":"","ast-site-content-layout":"full-width-container","site-content-style":"default","site-sidebar-style":"default","ast-global-header-display":"","ast-banner-title-visibility":"","ast-main-header-display":"","ast-hfb-above-header-display":"","ast-hfb-below-header-display":"","ast-hfb-mobile-header-display":"","site-post-title":"disabled","ast-breadcrumbs-content":"","ast-featured-img":"disabled","footer-sml-layout":"","theme-transparent-header-meta":"","adv-header-id-meta":"","stick-header-meta":"","header-above-stick-meta":"","header-main-stick-meta":"","header-below-stick-meta":"","astra-migrate-meta-layouts":"default","ast-page-background-enabled":"default","ast-page-background-meta":{"desktop":{"background-color":"var(--ast-global-color-4)","background-image":"","background-repeat":"repeat","background-position":"center center","background-size":"auto","background-attachment":"scroll","background-type":"","background-media":"","overlay-type":"","overlay-color":"","overlay-gradient":""},"tablet":{"background-color":"","background-image":"","background-repeat":"repeat","background-position":"center center","background-size":"auto","background-attachment":"scroll","background-type":"","background-media":"","overlay-type":"","overlay-color":"","overlay-gradient":""},"mobile":{"background-color":"","background-image":"","background-repeat":"repeat","background-position":"center center","background-size":"auto","background-attachment":"scroll","background-type":"","background-media":"","overlay-type":"","overlay-color":"","overlay-gradient":""}},"ast-content-background-meta":{"desktop":{"background-color":"var(--ast-global-color-5)","background-image":"","background-repeat":"repeat","background-position":"center center","background-size":"auto","background-attachment":"scroll","background-type":"","background-media":"","overlay-type":"","overlay-color":"","overlay-gradient":""},"tablet":{"background-color":"var(--ast-global-color-5)","background-image":"","background-repeat":"repeat","background-position":"center center","background-size":"auto","background-attachment":"scroll","background-type":"","background-media":"","overlay-type":"","overlay-color":"","overlay-gradient":""},"mobile":{"background-color":"var(--ast-global-color-5)","background-image":"","background-repeat":"repeat","background-position":"center center","background-size":"auto","background-attachment":"scroll","background-type":"","background-media":"","overlay-type":"","overlay-color":"","overlay-gradient":""}},"footnotes":""},"class_list":["post-40","page","type-page","status-publish","hentry"],"_links":{"self":[{"href":"https:\/\/lodolamaczskce.pl\/index.php\/wp-json\/wp\/v2\/pages\/40","targetHints":{"allow":["GET"]}}],"collection":[{"href":"https:\/\/lodolamaczskce.pl\/index.php\/wp-json\/wp\/v2\/pages"}],"about":[{"href":"https:\/\/lodolamaczskce.pl\/index.php\/wp-json\/wp\/v2\/types\/page"}],"author":[{"embeddable":true,"href":"https:\/\/lodolamaczskce.pl\/index.php\/wp-json\/wp\/v2\/users\/1"}],"replies":[{"embeddable":true,"href":"https:\/\/lodolamaczskce.pl\/index.php\/wp-json\/wp\/v2\/comments?post=40"}],"version-history":[{"count":530,"href":"https:\/\/lodolamaczskce.pl\/index.php\/wp-json\/wp\/v2\/pages\/40\/revisions"}],"predecessor-version":[{"id":1334,"href":"https:\/\/lodolamaczskce.pl\/index.php\/wp-json\/wp\/v2\/pages\/40\/revisions\/1334"}],"wp:attachment":[{"href":"https:\/\/lodolamaczskce.pl\/index.php\/wp-json\/wp\/v2\/media?parent=40"}],"curies":[{"name":"wp","href":"https:\/\/api.w.org\/{rel}","templated":true}]}}