{"id":137,"date":"2024-03-23T16:03:30","date_gmt":"2024-03-23T16:03:30","guid":{"rendered":"https:\/\/lodolamaczskce.pl\/?page_id=137"},"modified":"2024-12-12T19:51:24","modified_gmt":"2024-12-12T19:51:24","slug":"26-morsing-23-mar-2024","status":"publish","type":"page","link":"https:\/\/lodolamaczskce.pl\/index.php\/26-morsing-23-mar-2024\/","title":{"rendered":"26 Morsing 23 MAR 2024"},"content":{"rendered":"<p><\/p>\n<h6>Wiosna si\u0119 zacz\u0119\u0142a, ale p\u00f3ki temperatura wody w naszej Rawce jest poni\u017cej +10 C. nasz sezon morsowy trwa. Dzisiaj troch\u0119 deszczyk nas pokropi\u0142, ale po wej\u015bciu do rzeki jako\u015b nam nie przeszkadza\u0142, a jak wyszli\u015bmy okienko mi\u0119dzy-deszczowe pozwoli\u0142o nam si\u0119 ubra\u0107 i spakowa\u0107. Potem \u0142yk ciep\u0142ej herbatki (dzisiaj serwowanej przez Romka) i towarzystwo Foczek i Mors\u00f3w LODO\u0141AMACZA przy muzyce \u2013 i wszystko super.<\/h6>\n<ul>\n<li>Temperatura powietrza: +12 C<\/li>\n<li>Temperatura wody: +9 C<\/li>\n<\/ul>\n<p>Morsowali si\u0119:<\/p>\n<ol>\n<li>\u00a0Bombowa Basia<\/li>\n<li>Awangardowa Asia<\/li>\n<li>Istotna Iwonka<\/li>\n<li>Markowy Marek<\/li>\n<li>Mi\u0119sisty Mariusz<\/li>\n<li>Meksyka\u0144ska Monika<\/li>\n<li>Boska Beata<\/li>\n<li>Jarzynowy Jarek<\/li>\n<li>Troskliwy Tadziu<\/li>\n<li>Rozmowny Romek<\/li>\n<\/ol>\n<p><\/p>\t\t\n\t\t\t<style>\/*! elementor - v3.20.0 - 13-03-2024 *\/\n.elementor-widget-image{text-align:center}.elementor-widget-image a{display:inline-block}.elementor-widget-image a img[src$=\".svg\"]{width:48px}.elementor-widget-image img{vertical-align:middle;display:inline-block}<\/style>\t\t\t\t\t\t\t\t\t\t<img fetchpriority=\"high\" decoding=\"async\" width=\"686\" height=\"515\" src=\"http:\/\/lodolamaczskce.pl\/wp-content\/uploads\/2024\/03\/morsing-23MAR2024-3.jpeg\" alt=\"\" srcset=\"https:\/\/lodolamaczskce.pl\/wp-content\/uploads\/2024\/03\/morsing-23MAR2024-3.jpeg 686w, https:\/\/lodolamaczskce.pl\/wp-content\/uploads\/2024\/03\/morsing-23MAR2024-3-300x225.jpeg 300w\" sizes=\"(max-width: 686px) 100vw, 686px\" \/>\t\t\t\t\t\t\t\t\t\t\t\t\t\n\t\t\t\t\t\t\t\t\t\t\t\t\t<img decoding=\"async\" width=\"754\" height=\"450\" src=\"http:\/\/lodolamaczskce.pl\/wp-content\/uploads\/2024\/03\/morsing-23MAR2024-2.jpeg\" alt=\"\" srcset=\"https:\/\/lodolamaczskce.pl\/wp-content\/uploads\/2024\/03\/morsing-23MAR2024-2.jpeg 754w, https:\/\/lodolamaczskce.pl\/wp-content\/uploads\/2024\/03\/morsing-23MAR2024-2-300x179.jpeg 300w\" sizes=\"(max-width: 754px) 100vw, 754px\" \/>\t\t\t\t\t\t\t\t\t\t\t\t\t\n\t\t\t\t\t\t\t\t\t\t\t\t\t<img decoding=\"async\" width=\"300\" height=\"254\" src=\"http:\/\/lodolamaczskce.pl\/wp-content\/uploads\/2024\/03\/morsing-23MAR2024-1-300x254.jpeg\" alt=\"\" srcset=\"https:\/\/lodolamaczskce.pl\/wp-content\/uploads\/2024\/03\/morsing-23MAR2024-1-300x254.jpeg 300w, https:\/\/lodolamaczskce.pl\/wp-content\/uploads\/2024\/03\/morsing-23MAR2024-1-1024x866.jpeg 1024w, https:\/\/lodolamaczskce.pl\/wp-content\/uploads\/2024\/03\/morsing-23MAR2024-1-768x650.jpeg 768w, https:\/\/lodolamaczskce.pl\/wp-content\/uploads\/2024\/03\/morsing-23MAR2024-1.jpeg 1045w\" sizes=\"(max-width: 300px) 100vw, 300px\" \/>","protected":false},"excerpt":{"rendered":"<p>Wiosna si\u0119 zacz\u0119\u0142a, ale p\u00f3ki temperatura wody w naszej Rawce jest poni\u017cej +10 C. nasz sezon morsowy trwa. Dzisiaj troch\u0119 [&hellip;]<\/p>\n","protected":false},"author":1,"featured_media":0,"parent":0,"menu_order":0,"comment_status":"closed","ping_status":"closed","template":"","meta":{"site-sidebar-layout":"default","site-content-layout":"","ast-site-content-layout":"","site-content-style":"default","site-sidebar-style":"default","ast-global-header-display":"","ast-banner-title-visibility":"","ast-main-header-display":"","ast-hfb-above-header-display":"","ast-hfb-below-header-display":"","ast-hfb-mobile-header-display":"","site-post-title":"","ast-breadcrumbs-content":"","ast-featured-img":"","footer-sml-layout":"","theme-transparent-header-meta":"","adv-header-id-meta":"","stick-header-meta":"","header-above-stick-meta":"","header-main-stick-meta":"","header-below-stick-meta":"","astra-migrate-meta-layouts":"default","ast-page-background-enabled":"default","ast-page-background-meta":{"desktop":{"background-color":"var(--ast-global-color-4)","background-image":"","background-repeat":"repeat","background-position":"center center","background-size":"auto","background-attachment":"scroll","background-type":"","background-media":"","overlay-type":"","overlay-color":"","overlay-gradient":""},"tablet":{"background-color":"","background-image":"","background-repeat":"repeat","background-position":"center center","background-size":"auto","background-attachment":"scroll","background-type":"","background-media":"","overlay-type":"","overlay-color":"","overlay-gradient":""},"mobile":{"background-color":"","background-image":"","background-repeat":"repeat","background-position":"center center","background-size":"auto","background-attachment":"scroll","background-type":"","background-media":"","overlay-type":"","overlay-color":"","overlay-gradient":""}},"ast-content-background-meta":{"desktop":{"background-color":"var(--ast-global-color-5)","background-image":"","background-repeat":"repeat","background-position":"center center","background-size":"auto","background-attachment":"scroll","background-type":"","background-media":"","overlay-type":"","overlay-color":"","overlay-gradient":""},"tablet":{"background-color":"var(--ast-global-color-5)","background-image":"","background-repeat":"repeat","background-position":"center center","background-size":"auto","background-attachment":"scroll","background-type":"","background-media":"","overlay-type":"","overlay-color":"","overlay-gradient":""},"mobile":{"background-color":"var(--ast-global-color-5)","background-image":"","background-repeat":"repeat","background-position":"center center","background-size":"auto","background-attachment":"scroll","background-type":"","background-media":"","overlay-type":"","overlay-color":"","overlay-gradient":""}},"footnotes":""},"class_list":["post-137","page","type-page","status-publish","hentry"],"_links":{"self":[{"href":"https:\/\/lodolamaczskce.pl\/index.php\/wp-json\/wp\/v2\/pages\/137","targetHints":{"allow":["GET"]}}],"collection":[{"href":"https:\/\/lodolamaczskce.pl\/index.php\/wp-json\/wp\/v2\/pages"}],"about":[{"href":"https:\/\/lodolamaczskce.pl\/index.php\/wp-json\/wp\/v2\/types\/page"}],"author":[{"embeddable":true,"href":"https:\/\/lodolamaczskce.pl\/index.php\/wp-json\/wp\/v2\/users\/1"}],"replies":[{"embeddable":true,"href":"https:\/\/lodolamaczskce.pl\/index.php\/wp-json\/wp\/v2\/comments?post=137"}],"version-history":[{"count":21,"href":"https:\/\/lodolamaczskce.pl\/index.php\/wp-json\/wp\/v2\/pages\/137\/revisions"}],"predecessor-version":[{"id":237,"href":"https:\/\/lodolamaczskce.pl\/index.php\/wp-json\/wp\/v2\/pages\/137\/revisions\/237"}],"wp:attachment":[{"href":"https:\/\/lodolamaczskce.pl\/index.php\/wp-json\/wp\/v2\/media?parent=137"}],"curies":[{"name":"wp","href":"https:\/\/api.w.org\/{rel}","templated":true}]}}